{"id":1740,"date":"2022-02-27T17:31:21","date_gmt":"2022-02-27T17:31:21","guid":{"rendered":"https:\/\/foodhallpoland.pl\/?page_id=1740"},"modified":"2022-07-29T07:58:53","modified_gmt":"2022-07-29T07:58:53","slug":"aktualnosci","status":"publish","type":"page","link":"https:\/\/foodhallpoland.pl\/?page_id=1740","title":{"rendered":"Aktualno\u015bci"},"content":{"rendered":"<p>[vc_row][vc_column][vc_column_text pzt_text_alignment=&#8221;text-center&#8221;]<\/p>\n<h1 style=\"text-align: center;\">Aktualno\u015bci<\/h1>\n<p>[\/vc_column_text][vc_column_text]<\/p>\n<h2 style=\"text-align: center;\"><span class=\"s1\"><b>2022<\/b><\/span><\/h2>\n<p style=\"text-align: center;\"><a href=\"https:\/\/www.e-restauracja.com\/artykul\/38586\/ponad-20-nowych-restauracji-lokalni-artysci-kultura-i-sztuka-w-zabytkowej-hali-stoczni-gdanskiej-pierwsze-takie-miejsce-w-trojmiescie\" target=\"_blank\" rel=\"noopener\">Nowe zag\u0142\u0119bie kulinarne w Stoczni Gda\u0144skiej. Ponad 20 autorskich restauracji, lokalni arty\u015bci i kultura w zabytkowej hali <\/a><\/p>\n<p style=\"text-align: center;\"><a href=\"https:\/\/www.propertynews.pl\/nieruchomosci-premium\/food-hall-montownia-w-zabytkowej-hali-u-booto-w-stoczni-gdan-skiej-bedzie-zagle-bie-kulinarno-kulturalne,103669.html\" target=\"_blank\" rel=\"noopener\">W zabytkowej hali U-Booto\u0301w Stoczni Gdan\u0301skiej powstaje zag\u0142e\u0328bie kulinarno-kulturalne. S\u0105 miejsca dla najemc\u00f3w!<\/a><\/p>\n<p style=\"text-align: center;\"><a href=\"https:\/\/www.propertydesign.pl\/architektura\/104\/to_bedzie_pierwsze_takie_miejsce_w_trojmiescie_w_hali_u_bootow_powstaje_food_hall,40057.html\" target=\"_blank\" rel=\"noopener\">To b\u0119dzie pierwsze takie miejsce w Tr\u00f3jmie\u015bcie! W hali U-boot\u00f3w powstaje food hall<\/a><\/p>\n<p style=\"text-align: center;\"><a href=\"https:\/\/www.horecatrends.pl\/gastronomia\/114\/food_hall_montownia_powstaje_w_zabytkowej_hali_stoczni_gdanskiej_ma_miejsce_na_ponad_20_restauracji,12152.html\" target=\"_blank\" rel=\"noopener\">Food Hall Montownia powstaje w zabytkowej hali Stoczni Gda\u0144skiej. Ma miejsce na ponad 20 restauracji<\/a><\/p>\n<p style=\"text-align: center;\"><a href=\"https:\/\/www.realestatemagazine.pl\/artykul\/ponad-20-nowych-restauracji-lokalni-artysci-kultura-i-sztuka-w-zabytkowej-hali-stoczni-gdanskiej-pierwsze-takie-miejsce-w-trojmiescie\" target=\"_blank\" rel=\"noopener\">Ponad 20 nowych restauracji, lokalni arty\u015bci, kultura i sztuka w zabytkowej hali Stoczni Gda\u0144skiej. Pierwsze takie miejsce w Tr\u00f3jmie\u015bcie<\/a><\/p>\n<p style=\"text-align: center;\"><a href=\"https:\/\/noizz.pl\/big-stories\/w-dawnej-montowni-u-bootow-otworzyli-klub-tanczyli-do-maanamu-mafia-podkladala-bomby\/4ksrw5c\" target=\"_blank\" rel=\"noopener\">W dawnej montowni U-Boot\u00f3w otworzyli klub. Ta\u0144czyli do Maanamu, mafia podk\u0142ada\u0142a bomby<\/a><\/p>\n<p style=\"text-align: center;\"><a href=\"https:\/\/wyborcza.biz\/biznes\/7,182270,28387115,pandemia-zatopila-slabe-biznesy-i-dobrze-restaurator-zdradza.html\">&#8222;Pandemia zatopi\u0142a s\u0142abe biznesy. I dobrze&#8221;. Restaurator zdradza, co mo\u017ce uratowa\u0107 firm\u0119<\/a><\/p>\n<p style=\"text-align: center;\"><a href=\"https:\/\/www.trojmiasto.pl\/wiadomosci\/Trojmiasto-w-Budowie-Stoczniowa-hala-n166520.html\">Tr\u00f3jmiasto w Budowie. Nowe \u017cycie hali U-boot\u00f3w<\/a><\/p>\n<div style=\"text-align: center;\"><a href=\"https:\/\/www.architekturaibiznes.pl\/zmieniajac-przestrzen-przemyslowa,10830.html\" target=\"_blank\" rel=\"noopener\">Nowoczesno\u015b\u0107 w hali monta\u017cowej \u2013 projekt Rayss Group<\/a><\/div>\n<p style=\"text-align: center;\"><span class=\"s2\"><a href=\"https:\/\/www.forbes.pl\/montownia-zainwestuj-w-lofty-i-wykorzystaj-turystyczny-potencjal-gdanska\/z3t51vb\"><span class=\"s3\">MONTOWNIA \u2013 zainwestuj w lofty i wykorzystaj turystyczny potencja\u0142 Gda\u0144ska<\/span><\/a><\/span><\/p>\n<h2 style=\"text-align: center;\"><span class=\"s1\"><b>2021<\/b><\/span><\/h2>\n<p style=\"text-align: center;\"><span class=\"s2\"><a href=\"https:\/\/www.polityka.pl\/tygodnikpolityka\/rynek\/2146240,1,montownia--biznes-wypoczynek-i-smaki-swiata.read\"><span class=\"s3\">MONTOWNIA \u2013 biznes, wypoczynek i smaki \u015bwiata<\/span><\/a><\/span><\/p>\n<p style=\"text-align: center;\"><span class=\"s2\"><a href=\"https:\/\/biznes.trojmiasto.pl\/Food-hall-chwilowy-trend-czy-biznes-skazany-na-sukces-n162149.html\"><span class=\"s3\">Food hall &#8211; chwilowy trend czy biznes skazany na sukces?<\/span><\/a><\/span><\/p>\n<p style=\"text-align: center;\"><span class=\"s2\"><a href=\"https:\/\/dziennikbaltycki.pl\/prestizowe-europejskie-nagrody-dla-pieciu-trojmiejskich-inwestycji-bonusowa-dla-gdynskiego-dewelopera-za-projekt-realizowany-w\/ar\/c9-15878343\"><span class=\"s3\">Presti\u017cowe europejskie nagrody dla pi\u0119ciu tr\u00f3jmiejskich inwestycji. Bonusowa &#8211; dla gdy\u0144skiego dewelopera za projekt realizowany w Warszawie<\/span><\/a><\/span><\/p>\n<p style=\"text-align: center;\"><span class=\"s2\"><a href=\"https:\/\/torus.prowly.com\/162064-trzy-prestizowe-nagrody-dla-dokow\"><span class=\"s3\">Trzy presti\u017cowe nagrody dla DOK\u00d3W<\/span><\/a><\/span><\/p>\n<p style=\"text-align: center;\"><span class=\"s2\"><a href=\"https:\/\/kulinaria.trojmiasto.pl\/Hala-Koszyki-teraz-Montownia-w-Gdansku-Otwarcie-Food-Hallu-w-2023-n158595.html\"><span class=\"s3\">Hala Koszyki, teraz Montownia w Gda\u0144sku. Nowy food hall zyska\u0142 operatora<\/span><\/a><\/span><\/p>\n<p style=\"text-align: center;\"><span class=\"s2\"><a href=\"https:\/\/www.horecanet.pl\/montownia-gdansk-food-hall-ma-operatora\/\"><span class=\"s3\">Montownia, Gda\u0144sk: Food Hall ma operatora<\/span><\/a><\/span><\/p>\n<p style=\"text-align: center;\"><span class=\"s2\"><a href=\"https:\/\/www.propertynews.pl\/hotele\/food-hall-poland-operatorem-strefy-kulinarnej-gdanskiej-montowni,93691.html\"><span class=\"s3\">Food Hall Poland operatorem strefy kulinarnej gda\u0144skiej Montowni<\/span><\/a><\/span><\/p>\n<p style=\"text-align: center;\"><span class=\"s2\"><a href=\"https:\/\/www.horecatrends.pl\/gastronomia\/114\/food_hall_poland_operatorem_strefy_kulinarnej_montowni,8976.html\"><span class=\"s3\">Food Hall Poland operatorem strefy kulinarnej Montowni<\/span><\/a><\/span><\/p>\n<p style=\"text-align: center;\"><span class=\"s2\"><a href=\"https:\/\/www.pb.pl\/jest-operator-strefy-kulinarnej-w-montowni-1124215\"><span class=\"s3\">Jest operator strefy kulinarnej w\u00a0Montowni<\/span><\/a><\/span><\/p>\n<p style=\"text-align: center;\"><span class=\"s5\">\u00a0<a href=\"https:\/\/trojmiasto.wyborcza.pl\/trojmiasto\/7,96076,27069084,euro-styl-z-rekordami-i-ambitnymi-planami.html\"><span class=\"s3\">Euro Styl z rekordami i ambitnymi planami<\/span><\/a><\/span><\/p>\n<p style=\"text-align: center;\"><span class=\"s5\">\u00a0<a href=\"https:\/\/trojmiasto.wyborcza.pl\/trojmiasto\/7,35612,26898195,drugie-zycie-dawnej-montowni-trwa-budowa-loftow-na-terenie.html\"><span class=\"s3\">Drugie \u017cycie dawnej montowni. Trwa budowa loft\u00f3w na terenie po Stoczni Gda\u0144skiej<\/span><\/a><\/span><\/p>\n<h2 style=\"text-align: center;\"><span class=\"s1\"><b>2020<\/b><\/span><\/h2>\n<p style=\"text-align: center;\"><span class=\"s5\">\u00a0<a href=\"https:\/\/gdansk.naszemiasto.pl\/przy-ecs-w-gdansku-powstanie-nowe-osiedle-doki-bedzie-food\/ar\/c3-7819256\"><span class=\"s3\">Przy ECS w Gda\u0144sku powstanie nowe osiedle DOKI! B\u0119dzie food hall i ponad 100 loft\u00f3w<\/span><\/a><\/span><\/p>\n<p style=\"text-align: center;\"><span class=\"s1\">\u00a0<\/span><\/p>\n<p>[\/vc_column_text][\/vc_column][\/vc_row]<\/p>\n","protected":false},"excerpt":{"rendered":"<p>[vc_row][vc_column][vc_column_text pzt_text_alignment=&#8221;text-center&#8221;] Aktualno\u015bci [\/vc_column_text][vc_column_text] 2022 Nowe zag\u0142\u0119bie kulinarne w Stoczni Gda\u0144skiej. Ponad 20 autorskich restauracji, lokalni arty\u015bci i kultura w zabytkowej hali W zabytkowej hali U-Booto\u0301w Stoczni Gdan\u0301skiej powstaje zag\u0142e\u0328bie kulinarno-kulturalne. S\u0105 miejsca dla najemc\u00f3w! To b\u0119dzie pierwsze takie miejsce w Tr\u00f3jmie\u015bcie! W hali U-boot\u00f3w powstaje food hall Food Hall Montownia powstaje w zabytkowej hali..<\/p>\n","protected":false},"author":1,"featured_media":1672,"parent":0,"menu_order":0,"comment_status":"closed","ping_status":"closed","template":"","meta":[],"yoast_head":"<!-- This site is optimized with the Yoast SEO plugin v20.0 - https:\/\/yoast.com\/wordpress\/plugins\/seo\/ -->\n<title>Aktualno\u015bci - Food Hall Poland<\/title>\n<meta name=\"robots\" content=\"index, follow, max-snippet:-1, max-image-preview:large, max-video-preview:-1\" \/>\n<link rel=\"canonical\" href=\"https:\/\/foodhallpoland.pl\/?page_id=1740\" \/>\n<meta property=\"og:locale\" content=\"pl_PL\" \/>\n<meta property=\"og:type\" content=\"article\" \/>\n<meta property=\"og:title\" content=\"Aktualno\u015bci - Food Hall Poland\" \/>\n<meta property=\"og:description\" content=\"[vc_row][vc_column][vc_column_text pzt_text_alignment=&#8221;text-center&#8221;] Aktualno\u015bci [\/vc_column_text][vc_column_text] 2022 Nowe zag\u0142\u0119bie kulinarne w Stoczni Gda\u0144skiej. Ponad 20 autorskich restauracji, lokalni arty\u015bci i kultura w zabytkowej hali W zabytkowej hali U-Booto\u0301w Stoczni Gdan\u0301skiej powstaje zag\u0142e\u0328bie kulinarno-kulturalne. S\u0105 miejsca dla najemc\u00f3w! To b\u0119dzie pierwsze takie miejsce w Tr\u00f3jmie\u015bcie! W hali U-boot\u00f3w powstaje food hall Food Hall Montownia powstaje w zabytkowej hali..\" \/>\n<meta property=\"og:url\" content=\"https:\/\/foodhallpoland.pl\/?page_id=1740\" \/>\n<meta property=\"og:site_name\" content=\"Food Hall Poland\" \/>\n<meta property=\"article:modified_time\" content=\"2022-07-29T07:58:53+00:00\" \/>\n<meta property=\"og:image\" content=\"https:\/\/foodhallpoland.pl\/wp-content\/uploads\/2020\/10\/ziola.jpg\" \/>\n\t<meta property=\"og:image:width\" content=\"800\" \/>\n\t<meta property=\"og:image:height\" content=\"560\" \/>\n\t<meta property=\"og:image:type\" content=\"image\/jpeg\" \/>\n<meta name=\"twitter:card\" content=\"summary_large_image\" \/>\n<meta name=\"twitter:label1\" content=\"Szacowany czas czytania\" \/>\n\t<meta name=\"twitter:data1\" content=\"2 minuty\" \/>\n<script type=\"application\/ld+json\" class=\"yoast-schema-graph\">{\"@context\":\"https:\/\/schema.org\",\"@graph\":[{\"@type\":\"WebPage\",\"@id\":\"https:\/\/foodhallpoland.pl\/?page_id=1740\",\"url\":\"https:\/\/foodhallpoland.pl\/?page_id=1740\",\"name\":\"Aktualno\u015bci - Food Hall Poland\",\"isPartOf\":{\"@id\":\"https:\/\/foodhallpoland.pl\/#website\"},\"datePublished\":\"2022-02-27T17:31:21+00:00\",\"dateModified\":\"2022-07-29T07:58:53+00:00\",\"breadcrumb\":{\"@id\":\"https:\/\/foodhallpoland.pl\/?page_id=1740#breadcrumb\"},\"inLanguage\":\"pl-PL\",\"potentialAction\":[{\"@type\":\"ReadAction\",\"target\":[\"https:\/\/foodhallpoland.pl\/?page_id=1740\"]}]},{\"@type\":\"BreadcrumbList\",\"@id\":\"https:\/\/foodhallpoland.pl\/?page_id=1740#breadcrumb\",\"itemListElement\":[{\"@type\":\"ListItem\",\"position\":1,\"name\":\"Home\",\"item\":\"https:\/\/foodhallpoland.pl\/\"},{\"@type\":\"ListItem\",\"position\":2,\"name\":\"Aktualno\u015bci\"}]},{\"@type\":\"WebSite\",\"@id\":\"https:\/\/foodhallpoland.pl\/#website\",\"url\":\"https:\/\/foodhallpoland.pl\/\",\"name\":\"Food Hall Poland\",\"description\":\"Food Hall Poland tworzymy projekty, kt\u00f3re zmieniaj\u0105 przestrzenie publiczne i prywatne w miejsca t\u0119tni\u0105ce \u017cyciem.\",\"potentialAction\":[{\"@type\":\"SearchAction\",\"target\":{\"@type\":\"EntryPoint\",\"urlTemplate\":\"https:\/\/foodhallpoland.pl\/?s={search_term_string}\"},\"query-input\":\"required name=search_term_string\"}],\"inLanguage\":\"pl-PL\"}]}<\/script>\n<!-- \/ Yoast SEO plugin. -->","yoast_head_json":{"title":"Aktualno\u015bci - Food Hall Poland","robots":{"index":"index","follow":"follow","max-snippet":"max-snippet:-1","max-image-preview":"max-image-preview:large","max-video-preview":"max-video-preview:-1"},"canonical":"https:\/\/foodhallpoland.pl\/?page_id=1740","og_locale":"pl_PL","og_type":"article","og_title":"Aktualno\u015bci - Food Hall Poland","og_description":"[vc_row][vc_column][vc_column_text pzt_text_alignment=&#8221;text-center&#8221;] Aktualno\u015bci [\/vc_column_text][vc_column_text] 2022 Nowe zag\u0142\u0119bie kulinarne w Stoczni Gda\u0144skiej. Ponad 20 autorskich restauracji, lokalni arty\u015bci i kultura w zabytkowej hali W zabytkowej hali U-Booto\u0301w Stoczni Gdan\u0301skiej powstaje zag\u0142e\u0328bie kulinarno-kulturalne. S\u0105 miejsca dla najemc\u00f3w! To b\u0119dzie pierwsze takie miejsce w Tr\u00f3jmie\u015bcie! W hali U-boot\u00f3w powstaje food hall Food Hall Montownia powstaje w zabytkowej hali..","og_url":"https:\/\/foodhallpoland.pl\/?page_id=1740","og_site_name":"Food Hall Poland","article_modified_time":"2022-07-29T07:58:53+00:00","og_image":[{"width":800,"height":560,"url":"https:\/\/foodhallpoland.pl\/wp-content\/uploads\/2020\/10\/ziola.jpg","type":"image\/jpeg"}],"twitter_card":"summary_large_image","twitter_misc":{"Szacowany czas czytania":"2 minuty"},"schema":{"@context":"https:\/\/schema.org","@graph":[{"@type":"WebPage","@id":"https:\/\/foodhallpoland.pl\/?page_id=1740","url":"https:\/\/foodhallpoland.pl\/?page_id=1740","name":"Aktualno\u015bci - Food Hall Poland","isPartOf":{"@id":"https:\/\/foodhallpoland.pl\/#website"},"datePublished":"2022-02-27T17:31:21+00:00","dateModified":"2022-07-29T07:58:53+00:00","breadcrumb":{"@id":"https:\/\/foodhallpoland.pl\/?page_id=1740#breadcrumb"},"inLanguage":"pl-PL","potentialAction":[{"@type":"ReadAction","target":["https:\/\/foodhallpoland.pl\/?page_id=1740"]}]},{"@type":"BreadcrumbList","@id":"https:\/\/foodhallpoland.pl\/?page_id=1740#breadcrumb","itemListElement":[{"@type":"ListItem","position":1,"name":"Home","item":"https:\/\/foodhallpoland.pl\/"},{"@type":"ListItem","position":2,"name":"Aktualno\u015bci"}]},{"@type":"WebSite","@id":"https:\/\/foodhallpoland.pl\/#website","url":"https:\/\/foodhallpoland.pl\/","name":"Food Hall Poland","description":"Food Hall Poland tworzymy projekty, kt\u00f3re zmieniaj\u0105 przestrzenie publiczne i prywatne w miejsca t\u0119tni\u0105ce \u017cyciem.","potentialAction":[{"@type":"SearchAction","target":{"@type":"EntryPoint","urlTemplate":"https:\/\/foodhallpoland.pl\/?s={search_term_string}"},"query-input":"required name=search_term_string"}],"inLanguage":"pl-PL"}]}},"_links":{"self":[{"href":"https:\/\/foodhallpoland.pl\/index.php?rest_route=\/wp\/v2\/pages\/1740"}],"collection":[{"href":"https:\/\/foodhallpoland.pl\/index.php?rest_route=\/wp\/v2\/pages"}],"about":[{"href":"https:\/\/foodhallpoland.pl\/index.php?rest_route=\/wp\/v2\/types\/page"}],"author":[{"embeddable":true,"href":"https:\/\/foodhallpoland.pl\/index.php?rest_route=\/wp\/v2\/users\/1"}],"replies":[{"embeddable":true,"href":"https:\/\/foodhallpoland.pl\/index.php?rest_route=%2Fwp%2Fv2%2Fcomments&post=1740"}],"version-history":[{"count":28,"href":"https:\/\/foodhallpoland.pl\/index.php?rest_route=\/wp\/v2\/pages\/1740\/revisions"}],"predecessor-version":[{"id":1950,"href":"https:\/\/foodhallpoland.pl\/index.php?rest_route=\/wp\/v2\/pages\/1740\/revisions\/1950"}],"wp:featuredmedia":[{"embeddable":true,"href":"https:\/\/foodhallpoland.pl\/index.php?rest_route=\/wp\/v2\/media\/1672"}],"wp:attachment":[{"href":"https:\/\/foodhallpoland.pl\/index.php?rest_route=%2Fwp%2Fv2%2Fmedia&parent=1740"}],"curies":[{"name":"wp","href":"https:\/\/api.w.org\/{rel}","templated":true}]}}